{"id":183,"date":"2025-12-03T11:46:16","date_gmt":"2025-12-03T10:46:16","guid":{"rendered":"https:\/\/www.magnet-werbeagentur.de\/cultivatoren\/?page_id=183"},"modified":"2026-03-05T08:43:42","modified_gmt":"2026-03-05T07:43:42","slug":"angebot","status":"publish","type":"page","link":"https:\/\/www.magnet-werbeagentur.de\/cultivatoren\/angebot\/","title":{"rendered":"Angebot"},"content":{"rendered":"\n<div class=\"wp-block-group wrapper-text\"><div class=\"wp-block-group__inner-container is-layout-constrained wp-block-group-is-layout-constrained\">\n<h2 class=\"wp-block-heading has-text-align-center has-text-color has-link-color wp-elements-327736ce0943da5c8931f5df31db4534\" style=\"color:#97be0d\">FACHSTELLEN<\/h2>\n\n\n\n<h4 class=\"wp-block-heading has-text-align-center has-text-color has-link-color wp-elements-1e7d5941f9794a05a6ba756c8e799a3d\" style=\"color:#97be0d\">sind Menschen, die Traumafachberatung anbieten,<br>und professionell begleiten.<\/h4>\n\n\n\n<p>Du bietest freiberuflich Traumafachberatung, traumasensible Seelsorge und \/ oder Traumatherapie an. Du m\u00f6chtest bei deiner T\u00e4tigkeit von <mark style=\"background-color:rgba(0, 0, 0, 0);color:#97be0d\" class=\"has-inline-color\"><strong>Cultivatoren<sup>\u00ae<\/sup><\/strong><\/mark> unterst\u00fctzt werden durch Ausbildung, Gebet und Netzwerk.<\/p>\n\n\n\n<p class=\"kultivatoren\">Kultivatoren werden T\u00dcV gepr\u00fcft, um den Standards zu entsprechen.<\/p>\n\n\n\n<p>Schlie\u00dfe dich uns <mark style=\"background-color:rgba(0, 0, 0, 0);color:#97be0d\" class=\"has-inline-color\"><strong>Cultivatoren<sup>\u00ae<\/sup><\/strong><\/mark> an, um unsere qualifizierte Beratung, Supervision und Gebet zu nutzen. Mehr dazu findest du auf <a href=\"http:\/\/www.institut-lausitz.de\/\" target=\"_blank\" rel=\"noreferrer noopener\">www.institut-lausitz.de<\/a><\/p>\n\n\n\n<div style=\"height:30px\" aria-hidden=\"true\" class=\"wp-block-spacer\"><\/div>\n\n\n\n<div class=\"wp-block-file aligncenter\"><a id=\"wp-block-file--media-cab4edbc-62e5-46fc-8cbd-ef3844369258\" href=\"https:\/\/www.magnet-werbeagentur.de\/cultivatoren\/wp-content\/uploads\/2025\/12\/Cultivatoren-Fachstellen.pdf\" target=\"_blank\" rel=\"noreferrer noopener\"><strong>FACHSTELLEN<\/strong><br>Menschen, die Traumafachberatung anbieten und<br>professionell begleiten<\/a><\/div>\n<\/div><\/div>\n\n\n\n<div style=\"height:100px\" aria-hidden=\"true\" class=\"wp-block-spacer\"><\/div>\n\n\n\n<div class=\"wp-block-group wrapper-text\"><div class=\"wp-block-group__inner-container is-layout-constrained wp-block-group-is-layout-constrained\">\n<h2 class=\"wp-block-heading has-text-align-center has-text-color has-link-color wp-elements-8198aec197f42022e167663a22e8dc1d\" style=\"color:#97be0d\">UNTERNEHMER<\/h2>\n\n\n\n<h4 class=\"wp-block-heading has-text-align-center has-text-color has-link-color wp-elements-b33a3e506c5f7e48674f8393b96ac7bc\" style=\"color:#97be0d\">sind Menschen in Verantwortung, die Begegnungen<br>traumasensibel gestalten wollen<\/h4>\n\n\n\n<p>Du bist selbst\u00e4ndig und leitest ein Unternehmen oder arbeitest als F\u00fchrungskraft. Du hast Erfahrung darin, andere sicher durch Krisen zu f\u00fchren. Wir <mark style=\"background-color:rgba(0, 0, 0, 0);color:#97be0d\" class=\"has-inline-color\"><strong>Cultivatoren<sup>\u00ae<\/sup><\/strong><\/mark> unterst\u00fctzen dich auf deinem Feld, indem wir dir traumasensible Weiterbildungen und unser Netzwerk anbieten. <\/p>\n\n\n\n<p class=\"kultivatoren\">Kultivatoren wollen gepflegt und gewartet werden. Das ist die Voraussetzung daf\u00fcr, dass sie effektiv zum Einsatz kommen.<\/p>\n\n\n\n<p>Schlie\u00dfe dich uns <mark style=\"background-color:rgba(0, 0, 0, 0);color:#97be0d\" class=\"has-inline-color\"><strong>Cultivatoren<sup>\u00ae<\/sup><\/strong><\/mark> an, damit du deine geistliche Kompetenz leben kannst.<\/p>\n\n\n\n<div style=\"height:30px\" aria-hidden=\"true\" class=\"wp-block-spacer\"><\/div>\n\n\n\n<div class=\"wp-block-file aligncenter\"><a id=\"wp-block-file--media-ad2823ee-2442-44b3-b698-545591cf745e\" href=\"https:\/\/www.magnet-werbeagentur.de\/cultivatoren\/wp-content\/uploads\/2025\/12\/Cultivatoren-Unernehmer.pdf\" target=\"_blank\" rel=\"noreferrer noopener\"><strong>UNTERNEHMER<\/strong><br>Menschen in Verantwortung, die Begegnungen<br>traumasensibel gestalten wollen<\/a><\/div>\n<\/div><\/div>\n\n\n\n<div style=\"height:100px\" aria-hidden=\"true\" class=\"wp-block-spacer\"><\/div>\n\n\n\n<div class=\"wp-block-group wrapper-text\"><div class=\"wp-block-group__inner-container is-layout-constrained wp-block-group-is-layout-constrained\">\n<h2 class=\"wp-block-heading has-text-align-center has-text-color has-link-color wp-elements-b4a84d9a252827b9ae8423262ba1f187\" style=\"color:#97be0d\">BEGLEITER<\/h2>\n\n\n\n<h4 class=\"wp-block-heading has-text-align-center has-text-color has-link-color wp-elements-833f581b9a25ed8450c798c0a3dd7274\" style=\"color:#97be0d\">sind Menschen, die ehrenamtlich mitarbeiten wollen<\/h4>\n\n\n\n<p>Du bist beruflich oder ehrenamtlich t\u00e4tig. Du hast dir Traumawissen und geistliche Intelligenz angeeignet und bringst dich damit in unseren Regionalgruppen ein. <\/p>\n\n\n\n<p class=\"kultivatoren\">Es gibt Kultivatoren in allen m\u00f6glichen Gr\u00f6\u00dfen und in unterschiedlicher Ausf\u00fchrung. Doch sie alle tragen zu ein und demselben Ziel bei: den Boden fruchtbar zu machen.<\/p>\n\n\n\n<p>Schlie\u00dfe dich uns <mark style=\"background-color:rgba(0, 0, 0, 0);color:#97be0d\" class=\"has-inline-color\"><strong>Cultivatoren<sup>\u00ae<\/sup><\/strong><\/mark> an, damit Leben gelingen kann. <mark style=\"background-color:rgba(0, 0, 0, 0);color:#97be0d\" class=\"has-inline-color\"><strong>Cultivatoren<sup>\u00ae<\/sup><\/strong><\/mark> &#8211; Begleiter sind \u00fcberwiegend Laien.<\/p>\n\n\n\n<ul class=\"wp-block-list\">\n<li>Sie haben eine Weiterbildung zur traumasensiblen Krisenbegleitung absolviert. <\/li>\n\n\n\n<li>Sie halten die Not des anderen aus und halten `kompetent die Klappe`. <\/li>\n\n\n\n<li>Sie unterst\u00fctzen und begleiten Menschen, deren W\u00fcrde wiederholt verletzt wurde. &#8212; Durch ihre Stabilisierungskompetenz kennen sie ihre M\u00f6glichkeiten und Grenzen der traumasensiblen Krisenbegleitung.<\/li>\n\n\n\n<li>Sie k\u00f6nnen die Wartezeit bis zu Facharzt-Terminen oder Klinik-Aufenthalten begleiten und bei der Nachsorge erg\u00e4nzend wirksam sein. <\/li>\n\n\n\n<li>Sie verstehen sich selbst und andere Menschen und sind pr\u00e4ventiv t\u00e4tig. Fachpersonal aus dem sozial-medizinischen Bereich, z.B. Lehrerinnen, Erzieherinnen, Ergotherapeutinnen, Hebammen, \u00c4rztinnen, Heilpraktikerinnen, Krankengymnastinnen, k\u00f6nnen ihre spezifischen Angebote durch eine traumasensible Haltung erg\u00e4nzen, leiten ihre Klientinnen\/Patientinnen entsprechend zur Selbsthilfe an und nutzen Netzwerkstrukturen. <\/li>\n\n\n\n<li>Sie haben neue Perspektiven auf menschliche Verhaltensweisen und k\u00f6nnen diese im privaten, beruflichen, ehrenamtlichen und gemeindlichen Kontext \u00fcbertragen. <\/li>\n\n\n\n<li>Sie verstehen sich auf die Begleitung von Menschen in Krisensituationen und Gebet.<\/li>\n<\/ul>\n\n\n\n<div style=\"height:30px\" aria-hidden=\"true\" class=\"wp-block-spacer\"><\/div>\n\n\n\n<div class=\"wp-block-file aligncenter\"><a id=\"wp-block-file--media-c89cd6be-e06c-4109-a2a0-91a37e6cb133\" href=\"https:\/\/www.magnet-werbeagentur.de\/cultivatoren\/wp-content\/uploads\/2025\/12\/Cultivatoren-Begleiter.pdf\" target=\"_blank\" rel=\"noreferrer noopener\"><strong>BEGLEITER<\/strong><br>Menschen, die ehrenamtlich mitarbeiten wollen<\/a><\/div>\n<\/div><\/div>\n\n\n\n<div style=\"height:100px\" aria-hidden=\"true\" class=\"wp-block-spacer\"><\/div>\n\n\n\n<div class=\"wp-block-group wrapper-text\"><div class=\"wp-block-group__inner-container is-layout-constrained wp-block-group-is-layout-constrained\">\n<h2 class=\"wp-block-heading has-text-align-center has-text-color has-link-color wp-elements-88c9fc06466db0e1a64279b1d80fb8b3\" style=\"color:#97be0d\">FREUNDE<\/h2>\n\n\n\n<h4 class=\"wp-block-heading has-text-align-center has-text-color has-link-color wp-elements-632d512e22975f29087843868d645cfc\" style=\"color:#97be0d\">sind Menschen, die dazugeh\u00f6ren wollen<\/h4>\n\n\n\n<p>Du m\u00f6chtest zur Bewegung <mark style=\"background-color:rgba(0, 0, 0, 0);color:#97be0d\" class=\"has-inline-color\"><strong>Cultivatoren<sup>\u00ae<\/sup><\/strong><\/mark> geh\u00f6ren? Du betest gern f\u00fcr deine Mitmenschen und lebst mit der Bibel. Du m\u00f6chtest Teil unserer geistlichen Gemeinschaft sein, weil dir unsere Werte wichtig sind. <\/p>\n\n\n\n<p class=\"kultivatoren\">Bei gro\u00dfen Kultivatoren haben die Zinken oft die Form eines Herzens oder Fl\u00fcgel.<\/p>\n\n\n\n<p>Schlie\u00dfe dich uns <mark style=\"background-color:rgba(0, 0, 0, 0);color:#97be0d\" class=\"has-inline-color\"><strong>Cultivatoren<sup>\u00ae<\/sup><\/strong><\/mark> an, um geistlich wirken zu k\u00f6nnen.<\/p>\n\n\n\n<div style=\"height:30px\" aria-hidden=\"true\" class=\"wp-block-spacer\"><\/div>\n\n\n\n<div class=\"wp-block-file aligncenter\"><a id=\"wp-block-file--media-4da12748-aad0-4d2c-aa3d-58fa7ed58413\" href=\"https:\/\/www.magnet-werbeagentur.de\/cultivatoren\/wp-content\/uploads\/2025\/12\/Cultivatoren-Freunde.pdf\" target=\"_blank\" rel=\"noreferrer noopener\"><strong>Freunde<\/strong><br>Menschen, die dazugeh\u00f6ren wollen<\/a><\/div>\n<\/div><\/div>\n\n\n\n<p><\/p>\n","protected":false},"excerpt":{"rendered":"<p>FACHSTELLEN sind Menschen, die Traumafachberatung anbieten,und professionell begleiten. Du bietest freiberuflich Traumafachberatung, traumasensible Seelsorge und \/ oder Traumatherapie an. Du m\u00f6chtest bei deiner T\u00e4tigkeit von Cultivatoren\u00ae unterst\u00fctzt werden durch Ausbildung, Gebet und Netzwerk. Kultivatoren werden T\u00dcV gepr\u00fcft, um den Standards zu entsprechen. Schlie\u00dfe dich uns Cultivatoren\u00ae an, um unsere qualifizierte Beratung, Supervision und Gebet zu&hellip; <br \/> <a class=\"read-more\" href=\"https:\/\/www.magnet-werbeagentur.de\/cultivatoren\/angebot\/\">Weiterlesen<\/a><\/p>\n","protected":false},"author":1,"featured_media":0,"parent":0,"menu_order":0,"comment_status":"closed","ping_status":"closed","template":"","meta":{"footnotes":""},"class_list":["post-183","page","type-page","status-publish","hentry"],"_links":{"self":[{"href":"https:\/\/www.magnet-werbeagentur.de\/cultivatoren\/wp-json\/wp\/v2\/pages\/183","targetHints":{"allow":["GET"]}}],"collection":[{"href":"https:\/\/www.magnet-werbeagentur.de\/cultivatoren\/wp-json\/wp\/v2\/pages"}],"about":[{"href":"https:\/\/www.magnet-werbeagentur.de\/cultivatoren\/wp-json\/wp\/v2\/types\/page"}],"author":[{"embeddable":true,"href":"https:\/\/www.magnet-werbeagentur.de\/cultivatoren\/wp-json\/wp\/v2\/users\/1"}],"replies":[{"embeddable":true,"href":"https:\/\/www.magnet-werbeagentur.de\/cultivatoren\/wp-json\/wp\/v2\/comments?post=183"}],"version-history":[{"count":34,"href":"https:\/\/www.magnet-werbeagentur.de\/cultivatoren\/wp-json\/wp\/v2\/pages\/183\/revisions"}],"predecessor-version":[{"id":373,"href":"https:\/\/www.magnet-werbeagentur.de\/cultivatoren\/wp-json\/wp\/v2\/pages\/183\/revisions\/373"}],"wp:attachment":[{"href":"https:\/\/www.magnet-werbeagentur.de\/cultivatoren\/wp-json\/wp\/v2\/media?parent=183"}],"curies":[{"name":"wp","href":"https:\/\/api.w.org\/{rel}","templated":true}]}}