{"id":231,"date":"2025-12-11T13:02:32","date_gmt":"2025-12-11T12:02:32","guid":{"rendered":"https:\/\/www.magnet-werbeagentur.de\/cultivatoren\/?page_id=231"},"modified":"2026-03-05T08:44:15","modified_gmt":"2026-03-05T07:44:15","slug":"ueber-mich","status":"publish","type":"page","link":"https:\/\/www.magnet-werbeagentur.de\/cultivatoren\/ueber-mich\/","title":{"rendered":"Kontakt"},"content":{"rendered":"\n<div class=\"wp-block-group wrapper-text\"><div class=\"wp-block-group__inner-container is-layout-constrained wp-block-group-is-layout-constrained\">\n<h2 class=\"wp-block-heading has-text-align-center has-text-color has-link-color wp-elements-7a0e5d2cf38a9cd3c09893bc2b8b5a3e\" style=\"color:#97be0d\">\u00dcBER MICH<\/h2>\n\n\n\n<p>Ich berate seit 2000 Menschen in Lebenskrisen und herausfordernden Situationen. Studiert habe ich Soziale Verhaltenswissenschaften (M.A.). Ich bin Traumafachberaterin (DeGPT\/BAG-TP), Supervisorin und Heilp\u00e4dagogin. Seit 2003 arbeite ich au\u00dferdem in der Erwachsenenbildung.<\/p>\n\n\n\n<p class=\"kultivatoren\">Kultivatoren werden von geschulten Fachleuten aufgebaut, indem ihre Teile pr\u00e4zise gefertigt, sorgf\u00e4ltig montiert und professionell gepr\u00fcft werden. So k\u00f6nnen sie sp\u00e4ter wirksam eingesetzt werden.<\/p>\n\n\n\n<p>2020 bin ich in die Lausitz gezogen. Die Nachfrage nach Traumafachberatung ist gro\u00df, und viele haben mich gefragt, ob sie hierin ausgebildet werden k\u00f6nnten. Die Nachfragen kommen von Menschen aus den unterschiedlichsten Berufsgruppen. Daher habe ich 2024 <mark style=\"background-color:rgba(0, 0, 0, 0);color:#97be0d\" class=\"has-inline-color\"><strong>Cultivatoren<sup>\u00ae<\/sup><\/strong><\/mark> und das Traumainstitut f\u00fcr Pr\u00e4vention und Seelsorge (TIPS) in Niesky gegr\u00fcndet.<\/p>\n\n\n\n<div style=\"height:50px\" aria-hidden=\"true\" class=\"wp-block-spacer\"><\/div>\n\n\n\n<div class=\"wp-block-columns is-layout-flex wp-container-core-columns-is-layout-9d6595d7 wp-block-columns-is-layout-flex\">\n<div class=\"wp-block-column is-layout-flow wp-block-column-is-layout-flow\">\n<figure class=\"wp-block-image size-full\"><img loading=\"lazy\" decoding=\"async\" width=\"550\" height=\"856\" src=\"https:\/\/www.magnet-werbeagentur.de\/cultivatoren\/wp-content\/uploads\/2026\/01\/DSC01794-2.jpg\" alt=\"\" class=\"wp-image-344\" srcset=\"https:\/\/www.magnet-werbeagentur.de\/cultivatoren\/wp-content\/uploads\/2026\/01\/DSC01794-2.jpg 550w, https:\/\/www.magnet-werbeagentur.de\/cultivatoren\/wp-content\/uploads\/2026\/01\/DSC01794-2-193x300.jpg 193w\" sizes=\"auto, (max-width: 550px) 100vw, 550px\" \/><\/figure>\n<\/div>\n\n\n\n<div class=\"wp-block-column is-layout-flow wp-block-column-is-layout-flow\">\n<p><strong>Maike Behn<\/strong><br>Praxis f\u00fcr Traumafachberatung und Pr\u00e4vention<br>Muskauer Str. 80<br>02906 Niesky<\/p>\n\n\n\n<p>Tel: 03588 218 12 47<br><a href=\"mailto:post@cultivatoren.de\">post@cultivatoren.de<\/a><\/p>\n\n\n\n<p><a href=\"https:\/\/www.maike-behn.de\/\" target=\"_blank\" rel=\"noreferrer noopener\">www.maike-behn.de<\/a><br><a href=\"http:\/\/www.institut-lausitz.de\/\" target=\"_blank\" rel=\"noreferrer noopener\">www.institut-lausitz.de<\/a><\/p>\n<\/div>\n<\/div>\n<\/div><\/div>\n\n\n\n<p><\/p>\n","protected":false},"excerpt":{"rendered":"<p>\u00dcBER MICH Ich berate seit 2000 Menschen in Lebenskrisen und herausfordernden Situationen. Studiert habe ich Soziale Verhaltenswissenschaften (M.A.). Ich bin Traumafachberaterin (DeGPT\/BAG-TP), Supervisorin und Heilp\u00e4dagogin. Seit 2003 arbeite ich au\u00dferdem in der Erwachsenenbildung. Kultivatoren werden von geschulten Fachleuten aufgebaut, indem ihre Teile pr\u00e4zise gefertigt, sorgf\u00e4ltig montiert und professionell gepr\u00fcft werden. So k\u00f6nnen sie sp\u00e4ter wirksam&hellip; <br \/> <a class=\"read-more\" href=\"https:\/\/www.magnet-werbeagentur.de\/cultivatoren\/ueber-mich\/\">Weiterlesen<\/a><\/p>\n","protected":false},"author":1,"featured_media":0,"parent":0,"menu_order":0,"comment_status":"closed","ping_status":"closed","template":"","meta":{"footnotes":""},"class_list":["post-231","page","type-page","status-publish","hentry"],"_links":{"self":[{"href":"https:\/\/www.magnet-werbeagentur.de\/cultivatoren\/wp-json\/wp\/v2\/pages\/231","targetHints":{"allow":["GET"]}}],"collection":[{"href":"https:\/\/www.magnet-werbeagentur.de\/cultivatoren\/wp-json\/wp\/v2\/pages"}],"about":[{"href":"https:\/\/www.magnet-werbeagentur.de\/cultivatoren\/wp-json\/wp\/v2\/types\/page"}],"author":[{"embeddable":true,"href":"https:\/\/www.magnet-werbeagentur.de\/cultivatoren\/wp-json\/wp\/v2\/users\/1"}],"replies":[{"embeddable":true,"href":"https:\/\/www.magnet-werbeagentur.de\/cultivatoren\/wp-json\/wp\/v2\/comments?post=231"}],"version-history":[{"count":13,"href":"https:\/\/www.magnet-werbeagentur.de\/cultivatoren\/wp-json\/wp\/v2\/pages\/231\/revisions"}],"predecessor-version":[{"id":375,"href":"https:\/\/www.magnet-werbeagentur.de\/cultivatoren\/wp-json\/wp\/v2\/pages\/231\/revisions\/375"}],"wp:attachment":[{"href":"https:\/\/www.magnet-werbeagentur.de\/cultivatoren\/wp-json\/wp\/v2\/media?parent=231"}],"curies":[{"name":"wp","href":"https:\/\/api.w.org\/{rel}","templated":true}]}}