{"id":109,"date":"2025-08-20T09:18:46","date_gmt":"2025-08-20T07:18:46","guid":{"rendered":"https:\/\/www.magnet-werbeagentur.de\/supervision\/?page_id=109"},"modified":"2025-08-20T09:18:46","modified_gmt":"2025-08-20T07:18:46","slug":"impressum","status":"publish","type":"page","link":"https:\/\/www.magnet-werbeagentur.de\/supervision\/impressum\/","title":{"rendered":"Impressum"},"content":{"rendered":"\n<p>Herausgeber: Supervision Mei\u00dfen<br>Neugasse 32, 01662 Mei\u00dfen<br>Inhaber: Simone Richter<br>Telefon: 0151 12710222<br>E-Mail: <a href=\"mailto:s.richter@supervision-meissen.de\">s.richter@supervision-meissen.de<\/a><br>Inhaltlich Verantwortlicher gem\u00e4\u00df \u00a76MDStV: Simone Richter<\/p>\n\n\n\n<p><strong>Steuer-Nummer: 207\/262\/01375<br>Umsatzsteuer-Identifikationsnummer nach \u00a727 a UStG: DE239 344 911<\/strong><\/p>\n\n\n\n<p><strong>Haftungsausschluss:<\/strong><br>Wir distanzieren uns ausdr\u00fccklich von allen Inhalten, die auf Servern vorgehalten werden, f\u00fcr die wir nicht verantwortlich sind, zu denen wir aber per Link verweisen. Wir versichern, dass die Dokumente, auf die wir per Link verweisen, zu dem Zeitpunkt, als der Link gesetzt wurde, keine rechtswidrigen Inhalte aufwiesen. Aus rechtlichen Gr\u00fcnden k\u00f6nnen wir keine Gew\u00e4hr f\u00fcr die Aktualit\u00e4t, Richtigkeit oder Vollst\u00e4ndigkeit der von uns bereitgestellten Informationen \u00fcbernehmen. Dies bezieht sich auch auf irrt\u00fcmliche Preisangaben. Haftungsanspr\u00fcche gegen die Herausgeber, die sich aus Sch\u00e4den durch die Nutzung der Website ergeben, sind ausgeschlossen.<br><br><strong>\u00a9 Copyright und Umsetzung:<\/strong> Konzept, Grafik, HTML<br>[Agentur f\u00fcr Marketing und neue Medien] <a href=\"http:\/\/www.magnet-werbeagentur.de\/\">www.magnet-werbeagentur.de<\/a><\/p>\n","protected":false},"excerpt":{"rendered":"<p>Herausgeber: Supervision Mei\u00dfenNeugasse 32, 01662 Mei\u00dfenInhaber: Simone RichterTelefon: 0151 12710222E-Mail: s.richter@supervision-meissen.deInhaltlich Verantwortlicher gem\u00e4\u00df \u00a76MDStV: Simone Richter Steuer-Nummer: 207\/262\/01375Umsatzsteuer-Identifikationsnummer nach \u00a727 a UStG: DE239 344 911 Haftungsausschluss:Wir distanzieren uns ausdr\u00fccklich von allen Inhalten, die auf Servern vorgehalten werden, f\u00fcr die wir nicht verantwortlich sind, zu denen wir aber per Link verweisen. Wir versichern, dass die Dokumente,&hellip; <br \/> <a class=\"read-more\" href=\"https:\/\/www.magnet-werbeagentur.de\/supervision\/impressum\/\">Weiterlesen<\/a><\/p>\n","protected":false},"author":1,"featured_media":0,"parent":0,"menu_order":0,"comment_status":"closed","ping_status":"closed","template":"","meta":{"footnotes":""},"class_list":["post-109","page","type-page","status-publish","hentry"],"_links":{"self":[{"href":"https:\/\/www.magnet-werbeagentur.de\/supervision\/wp-json\/wp\/v2\/pages\/109","targetHints":{"allow":["GET"]}}],"collection":[{"href":"https:\/\/www.magnet-werbeagentur.de\/supervision\/wp-json\/wp\/v2\/pages"}],"about":[{"href":"https:\/\/www.magnet-werbeagentur.de\/supervision\/wp-json\/wp\/v2\/types\/page"}],"author":[{"embeddable":true,"href":"https:\/\/www.magnet-werbeagentur.de\/supervision\/wp-json\/wp\/v2\/users\/1"}],"replies":[{"embeddable":true,"href":"https:\/\/www.magnet-werbeagentur.de\/supervision\/wp-json\/wp\/v2\/comments?post=109"}],"version-history":[{"count":1,"href":"https:\/\/www.magnet-werbeagentur.de\/supervision\/wp-json\/wp\/v2\/pages\/109\/revisions"}],"predecessor-version":[{"id":110,"href":"https:\/\/www.magnet-werbeagentur.de\/supervision\/wp-json\/wp\/v2\/pages\/109\/revisions\/110"}],"wp:attachment":[{"href":"https:\/\/www.magnet-werbeagentur.de\/supervision\/wp-json\/wp\/v2\/media?parent=109"}],"curies":[{"name":"wp","href":"https:\/\/api.w.org\/{rel}","templated":true}]}}