{"id":6,"date":"2025-08-12T10:57:20","date_gmt":"2025-08-12T08:57:20","guid":{"rendered":"https:\/\/www.magnet-werbeagentur.de\/supervision\/mesmerize\/"},"modified":"2025-08-28T14:29:35","modified_gmt":"2025-08-28T12:29:35","slug":"mesmerize","status":"publish","type":"page","link":"https:\/\/www.magnet-werbeagentur.de\/supervision\/","title":{"rendered":"Front Page"},"content":{"rendered":"<div  id=\"overlappable-4\" style=\"background-color: #ffffff;\" data-label=\"Overlappable\" data-id=\"overlappable-4\" data-export-id=\"overlappable-4\" data-category=\"overlappable\" class=\"overlappable-4 content-section content-section-spacing\" data-overlap=\"true\"><div  class=\"gridContainer\"> <div  data-type=\"row\" class=\"row spaced-cols text-center\"> <div  class=\"col-xs-12 col-sm-4 col-padding col-md-3 \"> <a  data-cp-link=\"1\" href=\"#\"><\/a><i  class=\"fa icon shadow-large-black aligncenter color1 fa-lightbulb-o reverse round large\"><\/i> <div  data-type=\"column\" class=\"\"> <h5  class=\"\">F\u00dcR EINZELPERSONEN\n<br >F\u00dcR TEAMS UND<br >F\u00dcR GRUPPEN<\/h5> <p  class=\"\">SUPERVISION<\/p><\/div> <\/div><div  class=\"col-xs-12 col-sm-4 col-padding col-md-3 \"> <i  class=\"fa icon shadow-large-black aligncenter color1 fa-bullseye reverse round large\"><\/i> <div  data-type=\"column\" class=\"\"><h5  class=\"\">F\u00dcR F\u00dcHRUNGSKR\u00c4FTE\n<br ><br >\n<\/h5> <p  class=\"\">COACHING<\/p><\/div> <\/div> <div  class=\"col-xs-12 col-sm-4 col-padding col-md-3 \"> <i  class=\"fa icon shadow-large-black aligncenter color1 fa-handshake-o reverse round large\"><\/i> <div  data-type=\"column\" class=\"\"><h5  class=\"\">\u00dcBER MICH<\/h5> <p  class=\"\"><br ><br >ARBEITSWEISE<\/p><\/div> <\/div><div  class=\"col-xs-12 col-sm-4 col-padding col-md-3 \"> <i  class=\"fa icon shadow-large-black aligncenter color1 fa-globe reverse round large\"><\/i> <div  data-type=\"column\" class=\"\"> <h5  class=\"\">IHRE PERS\u00d6NLICHE ANFRAGE<\/h5> <p  class=\"\">\n<br >KONTAKT<\/p><\/div> <\/div><\/div> <\/div><\/div><div  data-label=\"Supervision\" data-id=\"content--1\" data-export-id=\"content-12\" data-category=\"content\" class=\"content-12 content-section content-section-spacing\" id=\"supervision\" style=\"background-color: rgb(245, 250, 253); background-image: none;\"><div  class=\"gridContainer\"> <div  class=\"row text-center\"><div  class=\"section-title-col\" data-type=\"column\"><h3  class=\"\">Supervision<\/h3>  <p  class=\"lead\">Supervision und Coaching gr\u00fcnden auf einer gemeinsamen Basis und bedienen doch unterschiedliche Bedarfslagen. Beide Beratungsformen unterst\u00fctzen dabei, wieder \u201e\u00dcber \u2013 Blick\u201c \u00fcber die eigene berufliche Situation zu bekommen und die individuelle Handlungsf\u00e4higkeit zu aktivieren oder zu st\u00e4rken.<br ><br >Professionelle Distanz zum Alltagserleben erm\u00f6glicht es, eine andere Perspektive einzunehmen, um einen neuen Blick auf herausfordernde Situationen zu bekommen. Sichtweisen und Handlungsoptionen k\u00f6nnen sich ver\u00e4ndern und erweitern.<\/p><\/div> <\/div> <div  class=\"row center-xs middle-xs\"> <div  class=\"col-sm-9\" data-type=\"column\"> <h3  class=\"\">So erm\u00f6glicht der gesch\u00fctzte und professionell strukturierte Rahmen:<\/h3><p  class=\"lead\">\u2013 einen gesch\u00e4rften Blick auf Situationen und Konstellationen<br ><br >\u2013 schafft Klarheit \u00fcber Ursachen und Zusammenh\u00e4nge herausfordernder <br >    Arbeitssituationen und Arbeitsbeziehungen<br ><br >\u2013 und bietet eine vom Alltagsgesch\u00e4ft ungest\u00f6rte Atmosph\u00e4re zur Entwicklung und Erprobung <br >   neuer Handlungs- und Verhaltensoptionen <br ><br >\u2013 erm\u00f6glicht eine Reflexion der dabei gemachten Erfahrungen und zeigt neue Wege<\/p><\/div> <\/div><\/div> <\/div><div  data-label=\"Coaching\" data-id=\"features--1\" data-export-id=\"features-13-card-bordered\" data-category=\"features\" class=\"features-13 content-section content-section-spacing\" id=\"coaching\" style=\"background-color: rgb(255, 255, 255);\"><div  class=\"gridContainer\"> <div  class=\"row text-center\"><div  class=\"section-title-col\" data-type=\"column\">  <h3  class=\"\">Coaching<\/h3><p  class=\"lead\">\u2013 ist vorrangig eine l\u00f6sungsorientierte Beratungsmethode f\u00fcr Menschen mit Leitungsverantwortung <br >\u2013 wird bei konkreten professionellen Fragestellungen und Problemen eingesetzt <br >\u2013 erweitert den individuellen Handlungsspielraum durch Ein\u00fcben und Erproben neuer Verhaltensweisen&nbsp;<\/p><h4  class=\"\">Einige ausgew\u00e4hlte Themenbereiche<\/h4><p  class=\"lead\">\u2013 Reflexion des eigenen Rollenverhaltens&nbsp;<br >\u2013 Umgang mit Verantwortung und Macht&nbsp;<br >\u2013 St\u00e4rkung der individuellen Resilienz und Selbstf\u00fchrung&nbsp;<\/p><\/div> <\/div> <div  class=\"row spaced-cols content-center-sm\" data-type=\"row\">   <div  class=\"col-sm-4\"> <div  class=\"card bordered y-move\" data-type=\"column\">    <\/div> <\/div><\/div> <\/div><\/div><div  data-label=\"\u00dcber mich\" data-id=\"features--2\" data-export-id=\"features-13\" data-category=\"features\" class=\"features-13 content-section content-section-spacing\" id=\"ueber-mich\" style=\"background-color: rgb(245, 250, 253);\"><div  class=\"gridContainer\"> <div  class=\"row text-center\"><div  class=\"section-title-col\" data-type=\"column\">  <h3  class=\"\">\u00dcber mich<\/h3><h4  class=\"\">Mitgliedschaften<\/h4><p  class=\"lead\">Deutsche Gesellschaft f\u00fcr Supervision und Coaching e. V.<br >\n\t\t\tRegionalgruppe f\u00fcr Supervision und Coaching Dresden<\/p><h4  class=\"\">Weiterbildungen<\/h4><p  class=\"lead\">Fachberaterin f\u00fcr Betriebliches Gesundheitsmanagement<br >Fachqualifikation Stressmanagement \u2013 Trainerin<\/p><h4  class=\"\">Ausgew\u00e4hlte Fortbildungen<\/h4><p  class=\"lead\">Jahreskurs \u201eGewaltfreie Kommunikation nach Marshall Rosenberg\u201c<br >Fortbildung \u201eGrundlagen der Logotherapie und ihre Anwendung in der Supervisionsarbeit\u201c<br >Fortbildung \u201eSystemische Methoden in der Supervision\u201c<br >Fortbildung \u201eGesundheitscoaching in der Supervision\u201c<br >verschiedene Fortbildungen zu Positiver Psychologie und Resilienz<\/p><h4  class=\"\">Mein Beratungsverst\u00e4ndnis<\/h4><p  class=\"lead\">Wertsch\u00e4tzend und aufmerksam \u2013 bem\u00fche ich mich, Ihre individuelle Situation zu verstehen und unterst\u00fctze Sie dabei, Ihre vorhandenen Ressourcen und Kompetenzen zu Ihrem pers\u00f6nlichen Nutzen einzusetzen und zu erweitern. Auf Augenh\u00f6he \u2013 gehe ich davon aus, dass Sie Experten f\u00fcr Ihre Arbeit und Ihr Leben sind und ich mich als Expertin f\u00fcr die verantwortungsbewusste Gestaltung des Beratungsprozesses zur Bearbeitung Ihrer Anliegen verstehe. Vertraulich \u2013 selbstverst\u00e4ndlich sichere ich Ihnen strikte Vertraulichkeit w\u00e4hrend und \u00fcber unsere Zusammenarbeit hinaus zu.<br ><br >Ich f\u00fchle mich an die fachlichen und ethischen Standards der Deutschen Gesellschaft f\u00fcr Supervision und Coaching gebunden. Die Qualit\u00e4t meiner Arbeit sichere ich durch Kontroll-Supervision und regelm\u00e4\u00dfige Fortbildung.&nbsp;<\/p><\/div> <\/div> <div  class=\"row spaced-cols\" data-type=\"row\">    <div  class=\"col col-sm-6 col-md-3 space-bottom\">   <\/div> <\/div><\/div> <\/div><div  data-label=\"Kontakt\" data-id=\"content--2\" data-export-id=\"content-8\" data-category=\"content\" class=\"content-8 content-section content-section-spacing\" id=\"kontakt\" style=\"background-color: rgb(255, 255, 255);\"><div  class=\"gridContainer\"> <div  class=\"row middle-sm\"><div  class=\"col-sm-6 space-bottom-xs space-top-xs\" data-type=\"column\"> <img  decoding=\"async\" class=\"shadow-large\" src=\"https:\/\/www.magnet-werbeagentur.de\/supervision\/wp-content\/uploads\/2025\/08\/srichter.jpg\" title=\"srichter\" alt=\"\"><\/div> <div  class=\"col-sm-6\" data-type=\"column\"><h3  class=\"\">Simone Richter<\/h3>  <p  class=\"\">Supervisorin, DGSv<br >Sozialp\u00e4dagogin<br ><br >01662 Mei\u00dfen<br >Neugasse 32<br ><br >Telefon 0151 12710222<br >s.richter@supervision-meissen.de<br ><br >Ich\n unterbreite Ihnen gern ein Ihrem Bedarf entsprechendes Angebot. \nAbsprachen zu den Beratungszielen sowie zu Umfang und Kosten werden in \neinem Vorgespr\u00e4ch vereinbart. Kosten f\u00fcr Supervision k\u00f6nnen als \nberufsbedingte Aufwendung steuerlich geltend gemacht werden.<\/p><\/div> <\/div><\/div> <\/div>","protected":false},"excerpt":{"rendered":"<p>F\u00dcR EINZELPERSONEN F\u00dcR TEAMS UNDF\u00dcR GRUPPEN SUPERVISION F\u00dcR F\u00dcHRUNGSKR\u00c4FTE COACHING \u00dcBER MICH ARBEITSWEISE IHRE PERS\u00d6NLICHE ANFRAGE KONTAKT Supervision Supervision und Coaching gr\u00fcnden auf einer gemeinsamen Basis und bedienen doch unterschiedliche Bedarfslagen. Beide Beratungsformen unterst\u00fctzen dabei, wieder \u201e\u00dcber \u2013 Blick\u201c \u00fcber die eigene berufliche Situation zu bekommen und die individuelle Handlungsf\u00e4higkeit zu aktivieren oder zu st\u00e4rken.Professionelle&hellip; <br \/> <a class=\"read-more\" href=\"https:\/\/www.magnet-werbeagentur.de\/supervision\/\">Weiterlesen<\/a><\/p>\n","protected":false},"author":1,"featured_media":0,"parent":0,"menu_order":0,"comment_status":"closed","ping_status":"closed","template":"page-templates\/homepage.php","meta":{"footnotes":""},"class_list":["post-6","page","type-page","status-publish","hentry"],"_links":{"self":[{"href":"https:\/\/www.magnet-werbeagentur.de\/supervision\/wp-json\/wp\/v2\/pages\/6","targetHints":{"allow":["GET"]}}],"collection":[{"href":"https:\/\/www.magnet-werbeagentur.de\/supervision\/wp-json\/wp\/v2\/pages"}],"about":[{"href":"https:\/\/www.magnet-werbeagentur.de\/supervision\/wp-json\/wp\/v2\/types\/page"}],"author":[{"embeddable":true,"href":"https:\/\/www.magnet-werbeagentur.de\/supervision\/wp-json\/wp\/v2\/users\/1"}],"replies":[{"embeddable":true,"href":"https:\/\/www.magnet-werbeagentur.de\/supervision\/wp-json\/wp\/v2\/comments?post=6"}],"version-history":[{"count":41,"href":"https:\/\/www.magnet-werbeagentur.de\/supervision\/wp-json\/wp\/v2\/pages\/6\/revisions"}],"predecessor-version":[{"id":152,"href":"https:\/\/www.magnet-werbeagentur.de\/supervision\/wp-json\/wp\/v2\/pages\/6\/revisions\/152"}],"wp:attachment":[{"href":"https:\/\/www.magnet-werbeagentur.de\/supervision\/wp-json\/wp\/v2\/media?parent=6"}],"curies":[{"name":"wp","href":"https:\/\/api.w.org\/{rel}","templated":true}]}}